{"id":19,"date":"2015-04-07T20:07:22","date_gmt":"2015-04-07T18:07:22","guid":{"rendered":"http:\/\/rfv-senden.de\/?page_id=19"},"modified":"2026-02-10T13:31:33","modified_gmt":"2026-02-10T12:31:33","slug":"termine","status":"publish","type":"page","link":"https:\/\/rfv-senden.de\/?page_id=19","title":{"rendered":"Termine"},"content":{"rendered":"<p style=\"text-align: justify;\">Zur Zeit werden bei uns regelm\u00e4\u00dfig Reitkurse angeboten. Bei Interesse einfach melden.<\/p>\n<p style=\"text-align: justify;\">Der Vereinstreff findet immer am dritten Donnerstag im Monat im Vereinsheim statt.<\/p>\n<table style=\"height: 214px; width: 100%;\" width=\"741\">\n<tbody>\n<tr style=\"height: 21px;\">\n<td style=\"text-align: left; height: 21px; width: 34.6154%;\"><span style=\"font-size: 18pt;\"><strong>Veranstaltung<\/strong><\/span><\/td>\n<td style=\"text-align: left; height: 21px; width: 18.9349%;\"><span style=\"font-size: 18pt;\"><strong>Datum<\/strong><\/span><\/td>\n<td style=\"text-align: left; height: 21px; width: 15.6805%;\"><span style=\"font-size: 18pt;\"><strong>Beginn<\/strong><\/span><\/td>\n<td style=\"text-align: left; height: 21px; width: 29.2899%;\"><span style=\"font-size: 18pt;\"><strong>Infos<\/strong><\/span><\/td>\n<\/tr>\n<tr>\n<td style=\"width: 34.6154%;\">Osterfeuer<\/td>\n<td style=\"width: 18.9349%;\">4. April 26<\/td>\n<td style=\"width: 15.6805%;\">19:00<\/td>\n<td style=\"width: 29.2899%;\">Vereinsgel\u00e4nde<\/td>\n<\/tr>\n<tr style=\"height: 24px;\">\n<td style=\"width: 34.6154%; height: 24px;\">Sonntagsfr\u00fchst\u00fcck<\/td>\n<td style=\"width: 18.9349%; height: 24px;\">12. April 26<\/td>\n<td style=\"width: 15.6805%; height: 24px;\">10:00<\/td>\n<td style=\"width: 29.2899%; height: 24px;\">Vereinsheim<\/td>\n<\/tr>\n<tr style=\"height: 24px;\">\n<td style=\"width: 34.6154%; height: 24px;\">Orientierungsritt<\/td>\n<td style=\"width: 18.9349%; height: 24px;\">26. April 26<\/td>\n<td style=\"width: 15.6805%; height: 24px;\">9:00<\/td>\n<td style=\"width: 29.2899%; height: 24px;\"><\/td>\n<\/tr>\n<tr style=\"height: 24px;\">\n<td style=\"width: 34.6154%; height: 24px;\">Oldtimertreffen<\/td>\n<td style=\"width: 18.9349%; height: 24px;\">14. Juni 26<\/td>\n<td style=\"width: 15.6805%; height: 24px;\">10:00<\/td>\n<td style=\"width: 29.2899%; height: 24px;\">Vereinsgel\u00e4nde<\/td>\n<\/tr>\n<tr style=\"height: 24px;\">\n<td style=\"width: 34.6154%; height: 24px;\">Wanderritt<\/td>\n<td style=\"width: 18.9349%; height: 24px;\">13. Sep. 26<\/td>\n<td style=\"width: 15.6805%; height: 24px;\">9:00<\/td>\n<td style=\"width: 29.2899%; height: 24px;\"><\/td>\n<\/tr>\n<\/tbody>\n<\/table>\n<table style=\"width: 100%; height: 83px;\">\n<tbody>\n<tr style=\"height: 35px;\">\n<td style=\"height: 35px; width: 60.2071%;\"><strong><span style=\"font-size: 18pt;\">\u00a0Arbeitseinsatz<\/span><\/strong><\/td>\n<td style=\"height: 35px; width: 21.0059%;\"><strong><span style=\"font-size: 18pt;\">Datum <\/span><\/strong><\/td>\n<td style=\"height: 35px; width: 17.3077%;\"><strong><span style=\"font-size: 18pt;\">Beginn<\/span><\/strong><\/td>\n<\/tr>\n<tr>\n<td style=\"width: 60.2071%;\">Arbeitseinsatz<\/td>\n<td style=\"width: 21.0059%;\">25. April 26<\/td>\n<td style=\"width: 17.3077%;\">9:00<\/td>\n<\/tr>\n<\/tbody>\n<\/table>\n","protected":false},"excerpt":{"rendered":"<p>Zur Zeit werden bei uns regelm\u00e4\u00dfig Reitkurse angeboten. Bei Interesse einfach melden. Der Vereinstreff findet immer am dritten Donnerstag im Monat im Vereinsheim statt. Veranstaltung Datum Beginn Infos Osterfeuer 4. April 26 19:00 Vereinsgel\u00e4nde Sonntagsfr\u00fchst\u00fcck 12. April 26 10:00 Vereinsheim Orientierungsritt 26. April 26 9:00 Oldtimertreffen 14. Juni 26 10:00 Vereinsgel\u00e4nde Wanderritt 13. Sep. 26 [&hellip;]<\/p>\n","protected":false},"author":1,"featured_media":0,"parent":0,"menu_order":2,"comment_status":"closed","ping_status":"closed","template":"","meta":{"footnotes":""},"folder":[],"class_list":["post-19","page","type-page","status-publish","hentry","post-preview"],"_links":{"self":[{"href":"https:\/\/rfv-senden.de\/index.php?rest_route=\/wp\/v2\/pages\/19","targetHints":{"allow":["GET"]}}],"collection":[{"href":"https:\/\/rfv-senden.de\/index.php?rest_route=\/wp\/v2\/pages"}],"about":[{"href":"https:\/\/rfv-senden.de\/index.php?rest_route=\/wp\/v2\/types\/page"}],"author":[{"embeddable":true,"href":"https:\/\/rfv-senden.de\/index.php?rest_route=\/wp\/v2\/users\/1"}],"replies":[{"embeddable":true,"href":"https:\/\/rfv-senden.de\/index.php?rest_route=%2Fwp%2Fv2%2Fcomments&post=19"}],"version-history":[{"count":261,"href":"https:\/\/rfv-senden.de\/index.php?rest_route=\/wp\/v2\/pages\/19\/revisions"}],"predecessor-version":[{"id":3743,"href":"https:\/\/rfv-senden.de\/index.php?rest_route=\/wp\/v2\/pages\/19\/revisions\/3743"}],"wp:attachment":[{"href":"https:\/\/rfv-senden.de\/index.php?rest_route=%2Fwp%2Fv2%2Fmedia&parent=19"}],"wp:term":[{"taxonomy":"folder","embeddable":true,"href":"https:\/\/rfv-senden.de\/index.php?rest_route=%2Fwp%2Fv2%2Ffolder&post=19"}],"curies":[{"name":"wp","href":"https:\/\/api.w.org\/{rel}","templated":true}]}}