{"id":126,"date":"2015-04-20T22:29:38","date_gmt":"2015-04-20T20:29:38","guid":{"rendered":"http:\/\/rfv-senden.de\/?page_id=126"},"modified":"2017-03-20T22:13:17","modified_gmt":"2017-03-20T21:13:17","slug":"ueber-uns","status":"publish","type":"page","link":"https:\/\/rfv-senden.de\/?page_id=126","title":{"rendered":"\u00dcber uns"},"content":{"rendered":"<p>Der RFV Senden besteht seit 1971 und hat zur Zeit etwa 100 Mitglieder. Unsere Mitglieder sind aktiv in den Bereichen Springen, Dressur, Western, Wanderreiten und im Fahrsport. Das Gel\u00e4nde des RFV umfasst ca. 35.000 m2 und bietet damit vielseitige Trainingsm\u00f6glichkeiten. So k\u00f6nnen wir einen Springplatz mit ca. 5000 m2, einen Textilplatz von 20 x 60 m mit Flutlichtanlage und einem Reit- und Fahrplatz mit 80 x 40 m anbieten. Zudem steht ein provisorischer Sandplatz mit 20 x 40 m zur Verf\u00fcgung der im laufe des Jahres ausgebaut wird.<\/p>\n<p>Im Sommer werden w\u00f6chentlich Trainingsstunden in den Bereichen Dressur, Springen und Westernreiten angeboten. Turniere, Wanderritte und Pr\u00fcfungen zu den verschiedenen Reitabzeichen komplettieren das vielseitige Angebot, ebenso regelm\u00e4\u00dfige Treffen zu Erfahrungsaustausch und gem\u00fctlichem Hock mit Gleichgesinnten jeden dritten Donnerstag ab 20 Uhr an der Reitplatzh\u00fctte.<br \/>\nF\u00fcr weitere Informationen wenden Sie sich einfach an den 1. Vorsitzenden unseres Vereins<\/p>\n","protected":false},"excerpt":{"rendered":"<p>Der RFV Senden besteht seit 1971 und hat zur Zeit etwa 100 Mitglieder. Unsere Mitglieder sind aktiv in den Bereichen Springen, Dressur, Western, Wanderreiten und im Fahrsport. Das Gel\u00e4nde des RFV umfasst ca. 35.000 m2 und bietet damit vielseitige Trainingsm\u00f6glichkeiten. So k\u00f6nnen wir einen Springplatz mit ca. 5000 m2, einen Textilplatz von 20 x 60 [&hellip;]<\/p>\n","protected":false},"author":1,"featured_media":0,"parent":35,"menu_order":1,"comment_status":"closed","ping_status":"open","template":"","meta":{"footnotes":""},"folder":[],"class_list":["post-126","page","type-page","status-publish","hentry","post-preview"],"_links":{"self":[{"href":"https:\/\/rfv-senden.de\/index.php?rest_route=\/wp\/v2\/pages\/126","targetHints":{"allow":["GET"]}}],"collection":[{"href":"https:\/\/rfv-senden.de\/index.php?rest_route=\/wp\/v2\/pages"}],"about":[{"href":"https:\/\/rfv-senden.de\/index.php?rest_route=\/wp\/v2\/types\/page"}],"author":[{"embeddable":true,"href":"https:\/\/rfv-senden.de\/index.php?rest_route=\/wp\/v2\/users\/1"}],"replies":[{"embeddable":true,"href":"https:\/\/rfv-senden.de\/index.php?rest_route=%2Fwp%2Fv2%2Fcomments&post=126"}],"version-history":[{"count":4,"href":"https:\/\/rfv-senden.de\/index.php?rest_route=\/wp\/v2\/pages\/126\/revisions"}],"predecessor-version":[{"id":3294,"href":"https:\/\/rfv-senden.de\/index.php?rest_route=\/wp\/v2\/pages\/126\/revisions\/3294"}],"up":[{"embeddable":true,"href":"https:\/\/rfv-senden.de\/index.php?rest_route=\/wp\/v2\/pages\/35"}],"wp:attachment":[{"href":"https:\/\/rfv-senden.de\/index.php?rest_route=%2Fwp%2Fv2%2Fmedia&parent=126"}],"wp:term":[{"taxonomy":"folder","embeddable":true,"href":"https:\/\/rfv-senden.de\/index.php?rest_route=%2Fwp%2Fv2%2Ffolder&post=126"}],"curies":[{"name":"wp","href":"https:\/\/api.w.org\/{rel}","templated":true}]}}